{"id":7990,"date":"2022-05-31T12:22:25","date_gmt":"2022-05-31T07:52:25","guid":{"rendered":"http:\/\/kohantajkimiya.com\/?page_id=7990"},"modified":"2023-02-18T14:59:14","modified_gmt":"2023-02-18T11:29:14","slug":"yildiz-industry","status":"publish","type":"page","link":"https:\/\/www.kohantajkimiya.com\/en\/yildiz-industry\/","title":{"rendered":"Y\u0131ld\u0131z Industry"},"content":{"rendered":"\t<div class=\"img has-hover x md-x lg-x y md-y lg-y\" id=\"image_727780519\">\n\t\t\t\t\t\t\t\t<div class=\"img-inner image-cover dark\" style=\"padding-top:350px;\">\n\t\t\t<img loading=\"lazy\" decoding=\"async\" width=\"1300\" height=\"400\" src=\"https:\/\/www.kohantajkimiya.com\/wp-content\/uploads\/2022\/09\/baner.jpg\" class=\"attachment-original size-original\" alt=\"\u0645\u0639\u0631\u0641\u06cc \u0634\u0631\u06a9\u062a \u0627\u06cc\u0644\u062f\u06cc\u0632\" srcset=\"https:\/\/www.kohantajkimiya.com\/wp-content\/uploads\/2022\/09\/baner.jpg 1300w, https:\/\/www.kohantajkimiya.com\/wp-content\/uploads\/2022\/09\/baner-600x185.jpg 600w, https:\/\/www.kohantajkimiya.com\/wp-content\/uploads\/2022\/09\/baner-1200x369.jpg 1200w, https:\/\/www.kohantajkimiya.com\/wp-content\/uploads\/2022\/09\/baner-768x236.jpg 768w, https:\/\/www.kohantajkimiya.com\/wp-content\/uploads\/2022\/09\/baner-1000x308.jpg 1000w\" sizes=\"auto, (max-width: 1300px) 100vw, 1300px\" \/>\t\t\t\t\t\t\n\t\t\t\t\t<\/div>\n\t\t\t\t\t\t\t\t\n<style>\n#image_727780519 {\n  width: 100%;\n}\n<\/style>\n\t<\/div>\n\t\n  <div id=\"page-header-860925227\" class=\"page-header-wrapper\">\n  <div class=\"page-title dark featured-title\">\n\n    \n    <div class=\"page-title-inner container align-center flex-row medium-flex-wrap\" >\n              <div class=\"title-wrapper flex-col text-left medium-text-center\">\n          <h1 class=\"entry-title mb-0\">\n            Y\u0131ld\u0131z Industry          <\/h1>\n        <\/div>\n                    <div class=\"title-content flex-col flex-right text-right medium-text-center\">\n        <div class=\"title-breadcrumbs pb-half pt-half\"><\/div>      <\/div>\n    <\/div>\n\n       <\/div>\n    <\/div>\n  \n\n\t<section class=\"section\" id=\"section_339718169\">\n\t\t<div class=\"section-bg fill\" >\n\t\t\t\t\t\t\t\t\t\n\t\t\t\n\n\t\t<\/div>\n\n\t\t\n\n\t\t<div class=\"section-content relative\">\n\t\t\t\n<div class=\"row align-middle align-center\"  id=\"row-1229804017\">\n\n\t<div id=\"col-2128810199\" class=\"col small-12 large-12\"  >\n\t\t\t\t<div class=\"col-inner\"  >\n\t\t\t\n\t\t\t\n\t<div id=\"text-1004098942\" class=\"text justify\">\n\t\t\n<p>Y\u0131ld\u0131z Machine was established in 1998 in \u00c7orlu and focused on only fabric dyeing machines with its knowledge and experience of more than 35 years. This company, which continues its production activities in \u00c7orlu on a 3.500 m\u00b2 closed and 11.000 m\u00b2 open area, has been focusing on quality and customer satisfaction since its establishment. This company, which exports 70% of its production, has been a frequently mentioned corporation in the markets it has entered, has given confidence and left happy customers behind.<\/p>\n<p>YILDIZ has adopted the motto \u2018We\u2019re doing the best with what we know\u2019 and has limited its product portfolio to only one type of machine and specialized in this field. They will continue to combine our experience with advancing technology and always provide you with\u00a0high quality, constantly developing products with your support<\/p>\n\t\t\t<\/div>\n\t\n<div class=\"row\"  id=\"row-139682103\">\n\n\t<div id=\"col-1511106671\" class=\"col small-12 large-12\"  >\n\t\t\t\t<div class=\"col-inner text-center\"  >\n\t\t\t\n\t\t\t\n<a data-animate=\"fadeInUp\" href=\"https:\/\/yildizmachinery.com\/\" target=\"_blank\" class=\"button alert is-underline\" rel=\"noopener\">\n\t<i class=\"icon-star\" aria-hidden=\"true\"><\/i>\t<span>Visit Y\u0131ld\u0131z Website<\/span>\n\t<\/a>\n\n\t\t<\/div>\n\t\t\t\t\t<\/div>\n\n\t\n<\/div>\n\t\t<\/div>\n\t\t\t\t\t<\/div>\n\n\t\n<\/div>\n<div class=\"row\"  id=\"row-255658279\">\n\n\t<div id=\"col-295326678\" class=\"col small-12 large-12\"  >\n\t\t\t\t<div class=\"col-inner\"  >\n\t\t\t\n\t\t\t\n<div class=\"container section-title-container\" ><h2 class=\"section-title section-title-normal\"><b aria-hidden=\"true\"><\/b><span class=\"section-title-main\" >VIDEO<\/span><b aria-hidden=\"true\"><\/b><\/h2><\/div>\n\t\t<\/div>\n\t\t\t\t\t<\/div>\n\n\t\n\n\t<div id=\"col-1005338227\" class=\"col medium-6 small-12 large-6\"  >\n\t\t\t\t<div class=\"col-inner\"  >\n\t\t\t\n\t\t\t\n<p><video poster=\"https:\/\/www.kohantajkimiya.com\/wp-content\/uploads\/2022\/09\/video-poster2.jpg\" preload=\"none\" controls ><source src=\"https:\/\/www.kohantajkimiya.com\/wp-content\/uploads\/2022\/10\/uretimden-.mp4\" type=\"video\/mp4\" \/><\/video><\/p>\n\t\t<\/div>\n\t\t\t\t\t<\/div>\n\n\t\n\n\t<div id=\"col-1648122185\" class=\"col medium-6 small-12 large-6\"  >\n\t\t\t\t<div class=\"col-inner\"  >\n\t\t\t\n\t\t\t\n<p><video poster=\"https:\/\/www.kohantajkimiya.com\/wp-content\/uploads\/2022\/09\/video1.jpg\" preload=\"none\" controls ><source src=\"https:\/\/www.kohantajkimiya.com\/wp-content\/uploads\/2022\/10\/Yildiz-Makine-Revize.mp4\" type=\"video\/mp4\" \/><\/video><\/p>\n\t\t<\/div>\n\t\t\t\t\t<\/div>\n\n\t\n<\/div>\n\t\t<\/div>\n\n\t\t\n<style>\n#section_339718169 {\n  padding-top: 30px;\n  padding-bottom: 30px;\n}\n<\/style>\n\t<\/section>\n\t\n<div class=\"row\"  id=\"row-2074185189\">\n\n\t<div id=\"col-507037304\" class=\"col small-12 large-12\"  >\n\t\t\t\t<div class=\"col-inner\"  >\n\t\t\t\n\t\t\t\n<div class=\"container section-title-container\" ><h2 class=\"section-title section-title-normal\"><b aria-hidden=\"true\"><\/b><span class=\"section-title-main\" >GALLERY<\/span><b aria-hidden=\"true\"><\/b><\/h2><\/div>\n<div class=\"row\"  id=\"row-861400401\">\n\n\t<div id=\"col-1023195658\" class=\"col medium-4 small-12 large-4\"  >\n\t\t\t\t<div class=\"col-inner\"  >\n\t\t\t\n\t\t\t\n\t<div class=\"img has-hover x md-x lg-x y md-y lg-y\" id=\"image_675272030\">\n\t\t\t\t\t\t<div data-animate=\"blurIn\">\t\t<div class=\"img-inner image-zoom dark\" >\n\t\t\t<img loading=\"lazy\" decoding=\"async\" width=\"800\" height=\"450\" src=\"https:\/\/www.kohantajkimiya.com\/wp-content\/uploads\/2022\/09\/2-1.jpg\" class=\"attachment-large size-large\" alt=\"\u0645\u0639\u0631\u0641\u06cc \u0634\u0631\u06a9\u062a \u0627\u06cc\u0644\u062f\u06cc\u0632\" srcset=\"https:\/\/www.kohantajkimiya.com\/wp-content\/uploads\/2022\/09\/2-1.jpg 800w, https:\/\/www.kohantajkimiya.com\/wp-content\/uploads\/2022\/09\/2-1-600x338.jpg 600w, https:\/\/www.kohantajkimiya.com\/wp-content\/uploads\/2022\/09\/2-1-768x432.jpg 768w\" sizes=\"auto, (max-width: 800px) 100vw, 800px\" \/>\t\t\t\t\t\t\n\t\t\t\t\t<\/div>\n\t\t<\/div>\t\t\t\t\t\t\n<style>\n#image_675272030 {\n  width: 100%;\n}\n<\/style>\n\t<\/div>\n\t\n\t\t<\/div>\n\t\t\t\t\t<\/div>\n\n\t\n\n\t<div id=\"col-1680357941\" class=\"col medium-4 small-12 large-4\"  >\n\t\t\t\t<div class=\"col-inner\"  >\n\t\t\t\n\t\t\t\n\t<div class=\"img has-hover x md-x lg-x y md-y lg-y\" id=\"image_784712215\">\n\t\t\t\t\t\t<div data-animate=\"blurIn\">\t\t<div class=\"img-inner image-zoom dark\" >\n\t\t\t<img loading=\"lazy\" decoding=\"async\" width=\"800\" height=\"450\" src=\"https:\/\/www.kohantajkimiya.com\/wp-content\/uploads\/2022\/09\/3-2.jpg\" class=\"attachment-large size-large\" alt=\"\u0645\u0639\u0631\u0641\u06cc \u0634\u0631\u06a9\u062a \u0627\u06cc\u0644\u062f\u06cc\u0632\" srcset=\"https:\/\/www.kohantajkimiya.com\/wp-content\/uploads\/2022\/09\/3-2.jpg 800w, https:\/\/www.kohantajkimiya.com\/wp-content\/uploads\/2022\/09\/3-2-600x338.jpg 600w, https:\/\/www.kohantajkimiya.com\/wp-content\/uploads\/2022\/09\/3-2-768x432.jpg 768w\" sizes=\"auto, (max-width: 800px) 100vw, 800px\" \/>\t\t\t\t\t\t\n\t\t\t\t\t<\/div>\n\t\t<\/div>\t\t\t\t\t\t\n<style>\n#image_784712215 {\n  width: 100%;\n}\n<\/style>\n\t<\/div>\n\t\n\t\t<\/div>\n\t\t\t\t\t<\/div>\n\n\t\n\n\t<div id=\"col-1168239689\" class=\"col medium-4 small-12 large-4\"  >\n\t\t\t\t<div class=\"col-inner\"  >\n\t\t\t\n\t\t\t\n\t<div class=\"img has-hover x md-x lg-x y md-y lg-y\" id=\"image_1852575805\">\n\t\t\t\t\t\t<div data-animate=\"blurIn\">\t\t<div class=\"img-inner image-zoom dark\" >\n\t\t\t<img loading=\"lazy\" decoding=\"async\" width=\"800\" height=\"450\" src=\"https:\/\/www.kohantajkimiya.com\/wp-content\/uploads\/2022\/09\/4-2.jpg\" class=\"attachment-large size-large\" alt=\"\u0645\u0639\u0631\u0641\u06cc \u0634\u0631\u06a9\u062a \u0627\u06cc\u0644\u062f\u06cc\u0632\" srcset=\"https:\/\/www.kohantajkimiya.com\/wp-content\/uploads\/2022\/09\/4-2.jpg 800w, https:\/\/www.kohantajkimiya.com\/wp-content\/uploads\/2022\/09\/4-2-600x338.jpg 600w, https:\/\/www.kohantajkimiya.com\/wp-content\/uploads\/2022\/09\/4-2-768x432.jpg 768w\" sizes=\"auto, (max-width: 800px) 100vw, 800px\" \/>\t\t\t\t\t\t\n\t\t\t\t\t<\/div>\n\t\t<\/div>\t\t\t\t\t\t\n<style>\n#image_1852575805 {\n  width: 100%;\n}\n<\/style>\n\t<\/div>\n\t\n\t\t<\/div>\n\t\t\t\t\t<\/div>\n\n\t\n<\/div>\n<div class=\"row\"  id=\"row-237224711\">\n\n\t<div id=\"col-2021273470\" class=\"col medium-4 small-12 large-4\"  >\n\t\t\t\t<div class=\"col-inner\"  >\n\t\t\t\n\t\t\t\n\t<div class=\"img has-hover x md-x lg-x y md-y lg-y\" id=\"image_1314989496\">\n\t\t\t\t\t\t<div data-animate=\"blurIn\">\t\t<div class=\"img-inner image-zoom dark\" >\n\t\t\t<img loading=\"lazy\" decoding=\"async\" width=\"800\" height=\"450\" src=\"https:\/\/www.kohantajkimiya.com\/wp-content\/uploads\/2022\/09\/1j.jpg\" class=\"attachment-large size-large\" alt=\"\u0645\u0639\u0631\u0641\u06cc \u0634\u0631\u06a9\u062a \u0627\u06cc\u0644\u062f\u06cc\u0632\" srcset=\"https:\/\/www.kohantajkimiya.com\/wp-content\/uploads\/2022\/09\/1j.jpg 800w, https:\/\/www.kohantajkimiya.com\/wp-content\/uploads\/2022\/09\/1j-600x338.jpg 600w, https:\/\/www.kohantajkimiya.com\/wp-content\/uploads\/2022\/09\/1j-768x432.jpg 768w\" sizes=\"auto, (max-width: 800px) 100vw, 800px\" \/>\t\t\t\t\t\t\n\t\t\t\t\t<\/div>\n\t\t<\/div>\t\t\t\t\t\t\n<style>\n#image_1314989496 {\n  width: 100%;\n}\n<\/style>\n\t<\/div>\n\t\n\t\t<\/div>\n\t\t\t\t\t<\/div>\n\n\t\n\n\t<div id=\"col-267210548\" class=\"col medium-4 small-12 large-4\"  >\n\t\t\t\t<div class=\"col-inner\"  >\n\t\t\t\n\t\t\t\n\t<div class=\"img has-hover x md-x lg-x y md-y lg-y\" id=\"image_1617605563\">\n\t\t\t\t\t\t<div data-animate=\"blurIn\">\t\t<div class=\"img-inner image-zoom dark\" >\n\t\t\t<img loading=\"lazy\" decoding=\"async\" width=\"800\" height=\"450\" src=\"https:\/\/www.kohantajkimiya.com\/wp-content\/uploads\/2022\/09\/5j.jpg\" class=\"attachment-large size-large\" alt=\"\u0645\u0639\u0631\u0641\u06cc \u0634\u0631\u06a9\u062a \u0627\u06cc\u0644\u062f\u06cc\u0632\" srcset=\"https:\/\/www.kohantajkimiya.com\/wp-content\/uploads\/2022\/09\/5j.jpg 800w, https:\/\/www.kohantajkimiya.com\/wp-content\/uploads\/2022\/09\/5j-600x338.jpg 600w, https:\/\/www.kohantajkimiya.com\/wp-content\/uploads\/2022\/09\/5j-768x432.jpg 768w\" sizes=\"auto, (max-width: 800px) 100vw, 800px\" \/>\t\t\t\t\t\t\n\t\t\t\t\t<\/div>\n\t\t<\/div>\t\t\t\t\t\t\n<style>\n#image_1617605563 {\n  width: 100%;\n}\n<\/style>\n\t<\/div>\n\t\n\t\t<\/div>\n\t\t\t\t\t<\/div>\n\n\t\n\n\t<div id=\"col-1041667647\" class=\"col medium-4 small-12 large-4\"  >\n\t\t\t\t<div class=\"col-inner\"  >\n\t\t\t\n\t\t\t\n\t<div class=\"img has-hover x md-x lg-x y md-y lg-y\" id=\"image_486035388\">\n\t\t\t\t\t\t<div data-animate=\"blurIn\">\t\t<div class=\"img-inner image-zoom dark\" >\n\t\t\t<img loading=\"lazy\" decoding=\"async\" width=\"800\" height=\"450\" src=\"https:\/\/www.kohantajkimiya.com\/wp-content\/uploads\/2022\/09\/jet.jpg\" class=\"attachment-large size-large\" alt=\"\u0645\u0639\u0631\u0641\u06cc \u0634\u0631\u06a9\u062a \u0627\u06cc\u0644\u062f\u06cc\u0632\" srcset=\"https:\/\/www.kohantajkimiya.com\/wp-content\/uploads\/2022\/09\/jet.jpg 800w, https:\/\/www.kohantajkimiya.com\/wp-content\/uploads\/2022\/09\/jet-600x338.jpg 600w, https:\/\/www.kohantajkimiya.com\/wp-content\/uploads\/2022\/09\/jet-768x432.jpg 768w\" sizes=\"auto, (max-width: 800px) 100vw, 800px\" \/>\t\t\t\t\t\t\n\t\t\t\t\t<\/div>\n\t\t<\/div>\t\t\t\t\t\t\n<style>\n#image_486035388 {\n  width: 100%;\n}\n<\/style>\n\t<\/div>\n\t\n\t\t<\/div>\n\t\t\t\t\t<\/div>\n\n\t\n<\/div>\n<div class=\"row\"  id=\"row-648261950\">\n\n\t<div id=\"col-1513849980\" class=\"col medium-4 small-12 large-4\"  >\n\t\t\t\t<div class=\"col-inner\"  >\n\t\t\t\n\t\t\t\n\t<div class=\"img has-hover x md-x lg-x y md-y lg-y\" id=\"image_2019536833\">\n\t\t\t\t\t\t<div data-animate=\"blurIn\">\t\t<div class=\"img-inner image-zoom dark\" >\n\t\t\t<img loading=\"lazy\" decoding=\"async\" width=\"800\" height=\"450\" src=\"https:\/\/www.kohantajkimiya.com\/wp-content\/uploads\/2022\/09\/jet1.jpg\" class=\"attachment-large size-large\" alt=\"\u0645\u0639\u0631\u0641\u06cc \u0634\u0631\u06a9\u062a \u0627\u06cc\u0644\u062f\u06cc\u0632\" srcset=\"https:\/\/www.kohantajkimiya.com\/wp-content\/uploads\/2022\/09\/jet1.jpg 800w, https:\/\/www.kohantajkimiya.com\/wp-content\/uploads\/2022\/09\/jet1-600x338.jpg 600w, https:\/\/www.kohantajkimiya.com\/wp-content\/uploads\/2022\/09\/jet1-768x432.jpg 768w\" sizes=\"auto, (max-width: 800px) 100vw, 800px\" \/>\t\t\t\t\t\t\n\t\t\t\t\t<\/div>\n\t\t<\/div>\t\t\t\t\t\t\n<style>\n#image_2019536833 {\n  width: 100%;\n}\n<\/style>\n\t<\/div>\n\t\n\t\t<\/div>\n\t\t\t\t\t<\/div>\n\n\t\n\n\t<div id=\"col-1650324207\" class=\"col medium-4 small-12 large-4\"  >\n\t\t\t\t<div class=\"col-inner\"  >\n\t\t\t\n\t\t\t\n\t<div class=\"img has-hover x md-x lg-x y md-y lg-y\" id=\"image_2080750122\">\n\t\t\t\t\t\t<div data-animate=\"blurIn\">\t\t<div class=\"img-inner image-zoom dark\" >\n\t\t\t<img loading=\"lazy\" decoding=\"async\" width=\"800\" height=\"450\" src=\"https:\/\/www.kohantajkimiya.com\/wp-content\/uploads\/2022\/09\/jet2.jpg\" class=\"attachment-large size-large\" alt=\"\u0645\u0639\u0631\u0641\u06cc \u0634\u0631\u06a9\u062a \u0627\u06cc\u0644\u062f\u06cc\u0632\" srcset=\"https:\/\/www.kohantajkimiya.com\/wp-content\/uploads\/2022\/09\/jet2.jpg 800w, https:\/\/www.kohantajkimiya.com\/wp-content\/uploads\/2022\/09\/jet2-600x338.jpg 600w, https:\/\/www.kohantajkimiya.com\/wp-content\/uploads\/2022\/09\/jet2-768x432.jpg 768w\" sizes=\"auto, (max-width: 800px) 100vw, 800px\" \/>\t\t\t\t\t\t\n\t\t\t\t\t<\/div>\n\t\t<\/div>\t\t\t\t\t\t\n<style>\n#image_2080750122 {\n  width: 100%;\n}\n<\/style>\n\t<\/div>\n\t\n\t\t<\/div>\n\t\t\t\t\t<\/div>\n\n\t\n\n\t<div id=\"col-2076628650\" class=\"col medium-4 small-12 large-4\"  >\n\t\t\t\t<div class=\"col-inner\"  >\n\t\t\t\n\t\t\t\n\t<div class=\"img has-hover x md-x lg-x y md-y lg-y\" id=\"image_1153752754\">\n\t\t\t\t\t\t<div data-animate=\"blurIn\">\t\t<div class=\"img-inner image-zoom dark\" >\n\t\t\t<img loading=\"lazy\" decoding=\"async\" width=\"800\" height=\"450\" src=\"https:\/\/www.kohantajkimiya.com\/wp-content\/uploads\/2022\/09\/jet3.jpg\" class=\"attachment-large size-large\" alt=\"\u0645\u0639\u0631\u0641\u06cc \u0634\u0631\u06a9\u062a \u0627\u06cc\u0644\u062f\u06cc\u0632\" srcset=\"https:\/\/www.kohantajkimiya.com\/wp-content\/uploads\/2022\/09\/jet3.jpg 800w, https:\/\/www.kohantajkimiya.com\/wp-content\/uploads\/2022\/09\/jet3-600x338.jpg 600w, https:\/\/www.kohantajkimiya.com\/wp-content\/uploads\/2022\/09\/jet3-768x432.jpg 768w\" sizes=\"auto, (max-width: 800px) 100vw, 800px\" \/>\t\t\t\t\t\t\n\t\t\t\t\t<\/div>\n\t\t<\/div>\t\t\t\t\t\t\n<style>\n#image_1153752754 {\n  width: 100%;\n}\n<\/style>\n\t<\/div>\n\t\n\t\t<\/div>\n\t\t\t\t\t<\/div>\n\n\t\n<\/div>\n\t\t<\/div>\n\t\t\t\t\t<\/div>\n\n\t\n<\/div>\n<div class=\"row\"  id=\"row-1343729186\">\n\n\t<div id=\"col-1359193323\" class=\"col small-12 large-12\"  >\n\t\t\t\t<div class=\"col-inner\"  >\n\t\t\t\n\t\t\t\n<div class=\"container section-title-container\" ><h2 class=\"section-title section-title-normal\"><b aria-hidden=\"true\"><\/b><span class=\"section-title-main\" >YILDIZ PRODUCTS<\/span><b aria-hidden=\"true\"><\/b><\/h2><\/div>\n<div class=\"row\"  id=\"row-1616985237\">\n\n\t<div id=\"col-725652401\" class=\"col medium-4 small-12 large-4\"  >\n\t\t\t\t<div class=\"col-inner\"  >\n\t\t\t\n\t\t\t\n\t<div class=\"box has-hover   has-hover box-shadow-2 box-text-bottom\" >\n\n\t\t<div class=\"box-image\" >\n\t\t\t\t\t\t<div class=\"\" >\n\t\t\t\t<img loading=\"lazy\" decoding=\"async\" width=\"450\" height=\"350\" src=\"https:\/\/www.kohantajkimiya.com\/wp-content\/uploads\/2022\/09\/yeldiz.jpg\" class=\"attachment- size-\" alt=\"\u0634\u0631\u06a9\u062a \u0627\u06cc\u0644\u062f\u06cc\u0632\" \/>\t\t\t\t\t\t\t\t\t\t\t<\/div>\n\t\t\t\t\t<\/div>\n\n\t\t<div class=\"box-text text-center\" >\n\t\t\t<div class=\"box-text-inner\">\n\t\t\t\t\n<p>SEPIDA<\/p>\n\t\t\t<\/div>\n\t\t<\/div>\n\t<\/div>\n\t\n\t\t<\/div>\n\t\t\t\t\t<\/div>\n\n\t\n\n\t<div id=\"col-937654343\" class=\"col medium-4 small-12 large-4\"  >\n\t\t\t\t<div class=\"col-inner\"  >\n\t\t\t\n\t\t\t\n\t\t<\/div>\n\t\t\t\t\t<\/div>\n\n\t\n\n\t<div id=\"col-1186208315\" class=\"col medium-4 small-12 large-4\"  >\n\t\t\t\t<div class=\"col-inner\"  >\n\t\t\t\n\t\t\t\n\t\t<\/div>\n\t\t\t\t\t<\/div>\n\n\t\n<\/div>\n\t\t<\/div>\n\t\t\t\t\t<\/div>\n\n\t\n<\/div>\n","protected":false},"excerpt":{"rendered":"","protected":false},"author":2,"featured_media":0,"parent":0,"menu_order":0,"comment_status":"closed","ping_status":"closed","template":"page-blank.php","meta":{"footnotes":""},"class_list":["post-7990","page","type-page","status-publish","hentry"],"_links":{"self":[{"href":"https:\/\/www.kohantajkimiya.com\/en\/wp-json\/wp\/v2\/pages\/7990","targetHints":{"allow":["GET"]}}],"collection":[{"href":"https:\/\/www.kohantajkimiya.com\/en\/wp-json\/wp\/v2\/pages"}],"about":[{"href":"https:\/\/www.kohantajkimiya.com\/en\/wp-json\/wp\/v2\/types\/page"}],"author":[{"embeddable":true,"href":"https:\/\/www.kohantajkimiya.com\/en\/wp-json\/wp\/v2\/users\/2"}],"replies":[{"embeddable":true,"href":"https:\/\/www.kohantajkimiya.com\/en\/wp-json\/wp\/v2\/comments?post=7990"}],"version-history":[{"count":8,"href":"https:\/\/www.kohantajkimiya.com\/en\/wp-json\/wp\/v2\/pages\/7990\/revisions"}],"predecessor-version":[{"id":10385,"href":"https:\/\/www.kohantajkimiya.com\/en\/wp-json\/wp\/v2\/pages\/7990\/revisions\/10385"}],"wp:attachment":[{"href":"https:\/\/www.kohantajkimiya.com\/en\/wp-json\/wp\/v2\/media?parent=7990"}],"curies":[{"name":"wp","href":"https:\/\/api.w.org\/{rel}","templated":true}]}}